{"id":16,"date":"2025-07-17T12:56:27","date_gmt":"2025-07-17T10:56:27","guid":{"rendered":"https:\/\/puntiseguit.framegirona2.dev\/?page_id=16"},"modified":"2026-04-22T08:38:04","modified_gmt":"2026-04-22T06:38:04","slug":"politica-de-privacidad","status":"publish","type":"page","link":"https:\/\/uatane.com\/fr\/politica-de-privacidad\/","title":{"rendered":"Politique de confidentialit\u00e9"},"content":{"rendered":"<div data-elementor-type=\"wp-page\" data-elementor-id=\"16\" class=\"elementor elementor-16\" data-elementor-post-type=\"page\">\n\t\t\t\t<div class=\"elementor-element elementor-element-6d31fbb2 e-flex e-con-boxed e-con e-parent\" data-id=\"6d31fbb2\" data-element_type=\"container\" data-e-type=\"container\">\n\t\t\t\t\t<div class=\"e-con-inner\">\n\t\t\t\t<div class=\"elementor-element elementor-element-676464b9 elementor-widget elementor-widget-heading\" data-id=\"676464b9\" data-element_type=\"widget\" data-e-type=\"widget\" data-widget_type=\"heading.default\">\n\t\t\t\t\t<h2 class=\"elementor-heading-title elementor-size-default\">Politique de confidentialit\u00e9<\/h2>\t\t\t\t<\/div>\n\t\t\t\t<div class=\"elementor-element elementor-element-1bea8512 elementor-widget elementor-widget-text-editor\" data-id=\"1bea8512\" data-element_type=\"widget\" data-e-type=\"widget\" data-widget_type=\"text-editor.default\">\n\t\t\t\t\t\t\t\t\t<p>En cumplimiento del Reglamento (UE) 2016\/679 del Parlamento Europeo y del Consejo de 27 de Abril de 2016, relativo a la protecci\u00f3n de las personas f\u00edsicas en lo que se refiere al tratamiento de datos personales ya la libre circulaci\u00f3n de estos datos ya la Ley Org\u00e1nica 3\/2018, de 5 de diciembre, de Protecci\u00f3n de Datos Personales y garant\u00eda de los derechos digitales, se le informa que los datos personales que nos proporcione a trav\u00e9s de esta web https:\/\/uatane.com\u00a0(en adelante, la web), ser\u00e1n tratados de acuerdo con los siguientes t\u00e9rminos:<\/p><p>UATANE Pharma SL (en adelante, UATANE) se compromete a proteger la privacidad de los usuarios que accedan a esta web y\/o cualquiera de sus servicios. UATANE implica la aceptaci\u00f3n por el usuario de las disposiciones contenidas en la presente Pol\u00edtica de Privacidad y que sus datos personales sean tratados seg\u00fan se estipula en ella. Por favor, tenga en cuenta que aunque pueda haber enlaces de nuestra web a otras webs, esta Pol\u00edtica de Privacidad no se aplica a las webs de otras compa\u00f1\u00edas u organizaciones a las que la web est\u00e9 redirigida UATANE no controla el contenido de las webs de terceros ni acepta cualquier responsabilidad por el contenido o las pol\u00edticas de privacidad de estas webs.<\/p><p><strong>Informaci\u00f3n sobre el tratamiento de datos (Reglamento (UE) 2016\/679 y LO 3\/2018)<\/strong><\/p><p><span style=\"text-decoration: underline;\">Responsable del tratamiento<\/span>: UATANE Pharma SL<br \/><span style=\"text-decoration: underline;\">NIF<\/span>: B70654827<\/p><p><span style=\"text-decoration: underline;\">Domicilio<\/span>: Parc Cient\u00edfic de Girona, Pic de Peguera 11, 17003 GIRONA<\/p><p><span style=\"text-decoration: underline;\">Email<\/span>: <span class=\"elementor-icon-list-text\">jbacardit@uatane.com<\/span><\/p><p><span style=\"text-decoration: underline;\">Finalidad del tractamiento<\/span>: Ofrecer y gestionar nuestros servicios<br \/><span style=\"text-decoration: underline;\">Legitimaci\u00f3n<\/span>: Consentimiento obtenido del interesado<br \/><span style=\"text-decoration: underline;\">Destinatarios<\/span>: Los datos no ser\u00e1n comunicados a terceros, salvo que lo exija una ley o sea necesario para cumplir con la finalidad del tratamiento.<br \/><span style=\"text-decoration: underline;\">Derechos de las personas<\/span>: Los interesados tienen derecho a ejercer los derechos de acceso, rectificaci\u00f3n, limitaci\u00f3n de tratamiento, supresi\u00f3n, portabilidad y oposici\u00f3n, enviando su solicitud a nuestra direcci\u00f3n (electr\u00f3nica o f\u00edsica).<br \/><span style=\"text-decoration: underline;\">Plazo de conservaci\u00f3n de los datos<\/span>: Mientras se mantenga la relaci\u00f3n comercial o durante los a\u00f1os necesarios para cumplir con sus obligaciones legales.<br \/><span style=\"text-decoration: underline;\">Reclamaci\u00f3n<\/span>: Los interesados pueden dirigirse a la AEPD para presentar la reclamaci\u00f3n que considere oportuna.<br \/><span style=\"text-decoration: underline;\">Informaci\u00f3n adicional<\/span>: Puede consultar la informaci\u00f3n adicional y detallada a continuaci\u00f3n en las \u00abCuestiones sobre privacidad\u00bb.<\/p><p><strong>Cuestiones sobre privacidad<\/strong><\/p><p>En cumplimiento del Reglamento (UE) 2016\/679 del Parlamento Europeo y del Consejo, de 27 de abril de 2016, (RGPD) y la Ley Org\u00e1nica 3\/2018, de 5 de diciembre, de Protecci\u00f3n de Datos Personales y garant\u00eda de los derechos digitales (LOPDGDD), le ofrecemos la siguiente informaci\u00f3n sobre el tratamiento de sus datos personales:<\/p><p><strong>\u00bfQui\u00e9n es el responsable del tratamiento de sus datos?<\/strong><\/p><p>UATANE Pharma SL<\/p><p>NIF: B70654827<\/p><p>Domicilio: Parc Cient\u00edfic de Girona, Pic de Peguera 11, 17003 GIRONA<\/p><p>Email: <span class=\"elementor-icon-list-text\">jbacardit@uatane.com<\/span><\/p><p><strong>\u00bfCon qu\u00e9 finalidad tratamos sus datos personales?<\/strong><\/p><p>Tratamos la informaci\u00f3n que se nos facilita para gestionar nuestros servicios de asesoramiento legal y de gesti\u00f3n e intermediaci\u00f3n inmobiliaria.<br \/>En caso de que se ponga en contacto con nosotros mediante el formulario de contacto de nuestra p\u00e1gina web, las trataremos para gestionar su consulta.<br \/>Si nos da su consentimiento, tambi\u00e9n podremos tratar sus datos para enviarle informaci\u00f3n sobre nuestras actividades y\/o servicios.<br \/>Si nos env\u00eda un curr\u00edculum, trataremos los datos con el fin de gestionar la base de CV para la selecci\u00f3n de personal.<\/p><p><strong>\u00bfPor cu\u00e1nto tiempo conservaremos sus datos?<\/strong><\/p><p>Los datos personales proporcionados se conservar\u00e1n mientras sea usuario de nuestros servicios o quiera recibir informaci\u00f3n, dado que puede oponerse al tratamiento de sus datos con fines promocionales en cualquier momento, y despu\u00e9s, durante los plazos establecidos para cumplir con nuestras obligaciones legales, que en el caso documentaci\u00f3n contable y fiscal a efectos mercantiles ser\u00e1n 6 a\u00f1os, de conformidad con el art. 30 del C\u00f3digo Comercio, ya efectos fiscales ser\u00e1n 4 a\u00f1os, de acuerdo con los art\u00edculos 66 a 70 de la Ley General Tributaria.<br \/>En el caso de los curr\u00edculums, los datos se conservar\u00e1n durante un a\u00f1o.<\/p><p><strong>\u00bfCu\u00e1l es la legitimaci\u00f3n para el tratamiento de sus datos?<\/strong><\/p><p>La legitimaci\u00f3n para su tratamiento se encuentra en la ejecuci\u00f3n del contrato de servicios y en los consentimientos que nos da. Respecto a aquella informaci\u00f3n que sea remitida por menores de 16 a\u00f1os, ser\u00e1 requisito imprescindible que se haga con el consentimiento paterno, tutor o legal representante del menor para que los datos personales puedan ser objeto de tratamiento. Si no es as\u00ed, el representante legal del menor debe comunicarlo tan pronto como tenga conocimiento.<\/p><p><strong>\u00bfA qu\u00e9 destinatarios se comunicar\u00e1n sus datos?<\/strong><\/p><p>Los datos no ser\u00e1n comunicados a terceros, salvo que lo exija una ley o sea necesario para cumplir con la finalidad del tratamiento.<\/p><p><strong>\u00bfCu\u00e1les son sus derechos cuando nos facilita sus datos?<\/strong><\/p><ul><li>Cualquier persona tiene derecho a obtener confirmaci\u00f3n sobre si estamos tratando o no sus datos personales.<br \/>Las personas interesadas tienen derecho a acceder a sus datos personales, as\u00ed como a solicitar la rectificaci\u00f3n de los datos inexactos o, en su caso, solicitar su supresi\u00f3n cuando, entre otros motivos, los datos ya no sean necesarios para los fines para los que se recogieron.<\/li><li>En determinadas circunstancias los interesados podr\u00e1n solicitar la limitaci\u00f3n del tratamiento de sus datos, en cuyo caso \u00fanicamente los conservaremos para el ejercicio o la defensa de reclamaciones.<\/li><li>Tambi\u00e9n, en determinadas circunstancias y por motivos relacionados con su situaci\u00f3n particular, los interesados pueden oponerse al tratamiento de sus datos. En este caso dejaremos de tratarlas, salvo por motivos leg\u00edtimos imperiosos o para el ejercicio o defensa de posibles reclamaciones.<\/li><li>Los interesados tambi\u00e9n tendr\u00e1n derecho a la portabilidad de sus datos.<\/li><li>Cualquier interesado tiene derecho a no ser objeto de una decisi\u00f3n basada \u00fanicamente en el tratamiento automatizado, incluida la elaboraci\u00f3n de perfiles, que produzca efectos jur\u00eddicos que le afecten o que le afecten significativamente de forma similar.<\/li><li>Por \u00faltimo, los interesados tienen derecho a presentar una reclamaci\u00f3n ante la Autoridad de Control competente.<\/li><\/ul><p><strong><br \/>\u00bfC\u00f3mo puede ejercer sus derechos?<\/strong><\/p><p>Envi\u00e1ndonos un escrito adjuntando una copia de un documento que lo identifique, en nuestra direcci\u00f3n f\u00edsica o en la electr\u00f3nica.<\/p><p><strong>\u00bfC\u00f3mo hemos obtenido sus datos?<\/strong><\/p><p>Los datos personales que tratamos proceden del propio interesado, quien garantiza que los datos personales facilitados son ciertos y se hace responsable de comunicar cualquier modificaci\u00f3n. Los datos que est\u00e9n marcados con un asterisco son obligatorios para poder darle el servicio solicitado.<\/p><p><strong>\u00bfQu\u00e9 datos tratamos?<\/strong><\/p><p>Las categor\u00edas de datos que podemos tratar son:<\/p><ul><li>Datos de car\u00e1cter identificativo<\/li><li>Direcciones postales o electr\u00f3nicas<\/li><\/ul><p><br \/>En el caso de curr\u00edculums, tambi\u00e9n:<\/p><ul><li>Caracter\u00edsticas personales<\/li><li>Acad\u00e9micas y profesional<\/li><\/ul><p><br \/>Los datos son limitados, dado que \u00fanicamente tratamos los datos necesarios para la prestaci\u00f3n de nuestros servicios y la gesti\u00f3n de nuestra actividad.<\/p><p><strong>\u00bfUtilizamos cookies?<\/strong><\/p><p>Utilizamos cookies durante la navegaci\u00f3n en nuestra web con el consentimiento del usuario. El usuario puede configurar su navegador para que le avise de la utilizaci\u00f3n de cookies y para evitar su uso. Por favor, visite nuestra pol\u00edtica de cookies.<\/p><p><strong>\u00bfQu\u00e9 medidas de seguridad aplicamos?<\/strong><\/p><p>Aplicamos las medidas de seguridad establecidas en el art\u00edculo 32 del RGPD, por tanto hemos adoptado las medidas de seguridad necesarias para garantizar un nivel de seguridad adecuado al riesgo del tratamiento de datos que realizamos, con mecanismos que nos permiten garantizar la confidencialidad, integridad, disponibilidad y resiliencia permanente de los sistemas y servicios de tratamiento. Algunas de estas medidas son:<\/p><ul><li>Informaci\u00f3n de las pol\u00edticas de tratamiento de datos al personal.<\/li><li>Realizaci\u00f3n de copias de seguridad peri\u00f3dicas.<\/li><li>Control de acceso a los datos.<\/li><li>Procesos de verificaci\u00f3n, evaluaci\u00f3n y valoraci\u00f3n regulares.<\/li><\/ul><p><strong><br \/>\u00bfC\u00f3mo tratamos los datos por cuenta de terceros?<\/strong><\/p><p>Cuando en la prestaci\u00f3n de nuestros servicios tratamos datos de car\u00e1cter personal de los que nuestros clientes son los responsables, lo hacemos en calidad de encargados del tratamiento, de conformidad con lo establecido en el art\u00edculo 28 del RGPD y, por tanto, en estos tratamientos de los datos personales:<\/p><ol><li>Trataremos los datos personales \u00fanicamente siguiendo instrucciones documentadas del responsable, incluso en relaci\u00f3n con las transferencias de datos personales a un tercer pa\u00eds o a una organizaci\u00f3n internacional, salvo que estemos obligados a ello en virtud del derecho de la Uni\u00f3n o de los Estados miembros al que estemos sujetos. En este caso, informaremos al responsable de esta exigencia legal previa al tratamiento, salvo que este derecho lo proh\u00edba por importantes razones de inter\u00e9s p\u00fablico.<\/li><li>Garantizamos que las personas autorizadas para tratar datos personales se han comprometido a respetar su confidencialidad.<\/li><li>Hemos adoptado todas las medidas de seguridad necesarias, de conformidad con el art\u00edculo 32 del RGPD, implantando mecanismos para:<br \/><br \/><\/li><\/ol><ul><li>Garantizar la confidencialidad, integridad, disponibilidad y resiliencia permanente de los sistemas y servicios de tratamiento.<\/li><li>Restaurar la disponibilidad y el acceso a los datos personales de forma r\u00e1pida, en caso de incidente f\u00edsico o t\u00e9cnico.<\/li><li>Verificar, evaluar y valorar, de forma regular, la eficacia de las medidas t\u00e9cnicas y organizativas implantadas para garantizar la seguridad del tratamiento.<\/li><li>Pseudonimizar y cifrar los datos personales, en su caso.<br \/><br \/><\/li><\/ul><ol><li>Respetaremos las condiciones indicadas en los apartados 2 y 4 del art\u00edculo 28 del RGPD para recurrir a otro encargado del tratamiento.<\/li><li>Asistiremos al responsable, siempre que sea posible, de acuerdo con la naturaleza del tratamiento y mediante las medidas t\u00e9cnicas y organizativas adecuadas, para que pueda cumplir con la obligaci\u00f3n de responder a las solicitudes que tengan por objeto el ejercicio de los derechos de los interesados establecidos en el cap\u00edtulo III del RGPD.<\/li><li>Ayudaremos al responsable a garantizar el cumplimiento de las obligaciones que sobre seguridad de los datos establecen los art\u00edculos 32 a 36 del RGPD, teniendo en cuenta la naturaleza del tratamiento y la informaci\u00f3n puesta a nuestra disposici\u00f3n.<\/li><li>A elecci\u00f3n del responsable, suprimiremos o devolveremos todos los datos personales una vez finalice la prestaci\u00f3n de los servicios de tratamiento y suprimiremos las copias existentes a menos que se requiera la conservaci\u00f3n de los datos personales en virtud del Derecho de la Uni\u00f3n o de los Estados miembros.<\/li><li>Pondremos a disposici\u00f3n del responsable toda la informaci\u00f3n necesaria para demostrar el cumplimiento de las obligaciones establecidas en el art. 28 del RGPD, as\u00ed como para permitir y contribuir a la realizaci\u00f3n de auditor\u00edas, incluidas inspecciones, por parte del responsable o de otro auditor autorizado por ese responsable.<br \/>Como encargados del tratamiento la tipolog\u00eda de datos, la categor\u00eda de interesados y los tratamientos que podremos realizar por cuenta de nuestros clientes ser\u00e1n los siguientes:<\/li><\/ol><p><span style=\"text-decoration: underline;\"><br \/>Tipo de datos personales que podemos tratar<\/span>:<\/p><ul><li>Datos de car\u00e1cter identificativo<\/li><li>Direcciones postales o electr\u00f3nicas<\/li><li>Informaci\u00f3n comercial<\/li><li>Transacciones de bienes y servicios<\/li><\/ul><p><span style=\"text-decoration: underline;\"><br \/>Categor\u00eda de interesados afectados:<\/span><\/p><ul><li>Clientes<\/li><li>Proveedores<\/li><li>Personal<\/li><\/ul><p><span style=\"text-decoration: underline;\"><br \/>Tratamientos de datos que podremos realizar:<\/span><\/p><ul><li>Acceso a datos<\/li><li>Recogida<\/li><li>Elaboraci\u00f3n<\/li><li>Modificaci\u00f3n<\/li><li>Almacenamiento<\/li><li>An\u00e1lisis<\/li><li>Incorporaci\u00f3n a documentaci\u00f3n<\/li><li>Conservaci\u00f3n<\/li><li>Comunicaci\u00f3n por transmisi\u00f3n<\/li><\/ul>\t\t\t\t\t\t\t\t<\/div>\n\t\t\t\t\t<\/div>\n\t\t\t\t<\/div>\n\t\t\t\t<\/div>","protected":false},"excerpt":{"rendered":"<p>En cumplimiento del Reglamento (UE) 2016\/679 del Parlamento Europeo y del Consejo de 27 de Abril de 2016, relativo a la protecci\u00f3n de las personas f\u00edsicas en lo que se refiere al tratamiento de datos personales ya la libre circulaci\u00f3n de estos datos ya la Ley Org\u00e1nica 3\/2018, de 5 de diciembre, de Protecci\u00f3n de [&hellip;]<\/p>\n","protected":false},"author":1,"featured_media":0,"parent":0,"menu_order":0,"comment_status":"closed","ping_status":"closed","template":"","meta":{"footnotes":""},"class_list":["post-16","page","type-page","status-publish","hentry"],"_links":{"self":[{"href":"https:\/\/uatane.com\/fr\/wp-json\/wp\/v2\/pages\/16","targetHints":{"allow":["GET"]}}],"collection":[{"href":"https:\/\/uatane.com\/fr\/wp-json\/wp\/v2\/pages"}],"about":[{"href":"https:\/\/uatane.com\/fr\/wp-json\/wp\/v2\/types\/page"}],"author":[{"embeddable":true,"href":"https:\/\/uatane.com\/fr\/wp-json\/wp\/v2\/users\/1"}],"replies":[{"embeddable":true,"href":"https:\/\/uatane.com\/fr\/wp-json\/wp\/v2\/comments?post=16"}],"version-history":[{"count":22,"href":"https:\/\/uatane.com\/fr\/wp-json\/wp\/v2\/pages\/16\/revisions"}],"predecessor-version":[{"id":867,"href":"https:\/\/uatane.com\/fr\/wp-json\/wp\/v2\/pages\/16\/revisions\/867"}],"wp:attachment":[{"href":"https:\/\/uatane.com\/fr\/wp-json\/wp\/v2\/media?parent=16"}],"curies":[{"name":"wp","href":"https:\/\/api.w.org\/{rel}","templated":true}]}}