{"id":14,"date":"2025-07-17T12:56:14","date_gmt":"2025-07-17T10:56:14","guid":{"rendered":"https:\/\/puntiseguit.framegirona2.dev\/?page_id=14"},"modified":"2026-04-13T10:12:43","modified_gmt":"2026-04-13T08:12:43","slug":"aviso-legal","status":"publish","type":"page","link":"https:\/\/uatane.com\/en\/aviso-legal\/","title":{"rendered":"Legal notice"},"content":{"rendered":"<div data-elementor-type=\"wp-page\" data-elementor-id=\"14\" class=\"elementor elementor-14\" data-elementor-post-type=\"page\">\n\t\t\t\t<div class=\"elementor-element elementor-element-336a9404 e-flex e-con-boxed e-con e-parent\" data-id=\"336a9404\" data-element_type=\"container\" data-e-type=\"container\">\n\t\t\t\t\t<div class=\"e-con-inner\">\n\t\t\t\t<div class=\"elementor-element elementor-element-63201d19 elementor-widget elementor-widget-heading\" data-id=\"63201d19\" data-element_type=\"widget\" data-e-type=\"widget\" data-widget_type=\"heading.default\">\n\t\t\t\t\t<h2 class=\"elementor-heading-title elementor-size-default\">Legal notice<\/h2>\t\t\t\t<\/div>\n\t\t\t\t<div class=\"elementor-element elementor-element-5f92c8c6 elementor-widget elementor-widget-text-editor\" data-id=\"5f92c8c6\" data-element_type=\"widget\" data-e-type=\"widget\" data-widget_type=\"text-editor.default\">\n\t\t\t\t\t\t\t\t\t<div class=\"row\"><div class=\"col-sm-12\"><p>In compliance with Article 10 of Law 34\/2002, of 11 July, on Information Society and E-commerce Services (LSSICE), the identifying details of the company are as follows:<\/p><p><b>Name: UATANE\u00a0<\/b><\/p><p><b>Company Name: UATANE Pharma SL<\/b><\/p><p><b>National Insurance number\u00a0<\/b><\/p><p><b>Address:\u00a0<\/b><\/p><p><b>Telephone <\/b><a href=\"tel:+34648056707\"><span class=\"elementor-icon-list-text\">+34 648 056 707<\/span><\/a><\/p><p><b>Email: damoros@uatane.com<\/b><\/p><p><b>R<\/b><\/p><p><b>Purpose of the Website<\/b><\/p><p>The purpose of the website is to make the company known and to establish contact with it. <b>UATANE Pharma SL.<\/b><\/p><p>This legal notice (hereinafter, the \u2019Legal Notice\u201d) governs the use of the website: www.uatane.com<\/p><p><b>LEGISLATION<\/b><\/p><p>In general, the relationships between <b>UATANE Pharma SL<\/b> and the users of its telematic services, present on this website, are subject to Spanish legislation and jurisdiction.<\/p><p><b>USER USE AND ACCESS<\/b><\/p><p>The User is informed, and accepts, that access to this website does not, in any way, constitute the commencement of a commercial relationship with <b>UATANE Pharma SL<\/b> or any of its delegations.<\/p><p><b>INTELLECTUAL AND INDUSTRIAL PROPERTY<\/b><\/p><p>The intellectual property rights of the website's content, graphic design, and codes are owned by <b>UATANE Pharma SL<\/b> and therefore, its reproduction, distribution, public communication, alteration, or any other activity that can be carried out with the content of its web pages is prohibited, even when citing the sources, except with the written consent of <b>UATANE Pharma SL<\/b>.<\/p><p><b>Web Content and Links<\/b><\/p><p><b>UATANE Pharma SL <\/b>reserves the right to update, modify or remove the information contained on its web pages, and may even limit or deny access to this information to certain users.<\/p><p><b>UATANE Pharma SL<\/b> takes no responsibility for the information contained in third-party websites that can be accessed via \u201clinks\u201d or hyperlinks from any website owned by <b>UATANE Pharma SL.<\/b> The presence of \u201clinks\u201d or hyperlinks on the web pages of <b>UATANE Pharma SL<\/b> It is for informational purposes only and in no case constitutes a suggestion, invitation, or recommendation regarding these.<\/p><\/div><\/div>\t\t\t\t\t\t\t\t<\/div>\n\t\t\t\t\t<\/div>\n\t\t\t\t<\/div>\n\t\t\t\t<\/div>","protected":false},"excerpt":{"rendered":"<p>En cumplimiento del art\u00edculo 10 de la Ley 34\/2002, de 11 de julio, de Servicios de la Sociedad de la Informaci\u00f3n y Comercio Electr\u00f3nico (LSSICE) a continuaci\u00f3n se detallan los datos identificativos de la empresa: Nombre: UATANE\u00a0 Raz\u00f3n social: UATANE Pharma SL NIF:\u00a0 Direcci\u00f3n:\u00a0 Tel\u00e9fono: +34 648 056 707 Email: damoros@uatane.com R FINALIDAD DE LA [&hellip;]<\/p>\n","protected":false},"author":1,"featured_media":0,"parent":0,"menu_order":0,"comment_status":"closed","ping_status":"closed","template":"","meta":{"footnotes":""},"class_list":["post-14","page","type-page","status-publish","hentry"],"_links":{"self":[{"href":"https:\/\/uatane.com\/en\/wp-json\/wp\/v2\/pages\/14","targetHints":{"allow":["GET"]}}],"collection":[{"href":"https:\/\/uatane.com\/en\/wp-json\/wp\/v2\/pages"}],"about":[{"href":"https:\/\/uatane.com\/en\/wp-json\/wp\/v2\/types\/page"}],"author":[{"embeddable":true,"href":"https:\/\/uatane.com\/en\/wp-json\/wp\/v2\/users\/1"}],"replies":[{"embeddable":true,"href":"https:\/\/uatane.com\/en\/wp-json\/wp\/v2\/comments?post=14"}],"version-history":[{"count":4,"href":"https:\/\/uatane.com\/en\/wp-json\/wp\/v2\/pages\/14\/revisions"}],"predecessor-version":[{"id":501,"href":"https:\/\/uatane.com\/en\/wp-json\/wp\/v2\/pages\/14\/revisions\/501"}],"wp:attachment":[{"href":"https:\/\/uatane.com\/en\/wp-json\/wp\/v2\/media?parent=14"}],"curies":[{"name":"wp","href":"https:\/\/api.w.org\/{rel}","templated":true}]}}