{"id":14,"date":"2025-07-17T12:56:14","date_gmt":"2025-07-17T10:56:14","guid":{"rendered":"https:\/\/puntiseguit.framegirona2.dev\/?page_id=14"},"modified":"2026-04-13T10:12:43","modified_gmt":"2026-04-13T08:12:43","slug":"aviso-legal","status":"publish","type":"page","link":"https:\/\/uatane.com\/ca\/aviso-legal\/","title":{"rendered":"Av\u00eds legal"},"content":{"rendered":"<div data-elementor-type=\"wp-page\" data-elementor-id=\"14\" class=\"elementor elementor-14\" data-elementor-post-type=\"page\">\n\t\t\t\t<div class=\"elementor-element elementor-element-336a9404 e-flex e-con-boxed e-con e-parent\" data-id=\"336a9404\" data-element_type=\"container\" data-e-type=\"container\">\n\t\t\t\t\t<div class=\"e-con-inner\">\n\t\t\t\t<div class=\"elementor-element elementor-element-63201d19 elementor-widget elementor-widget-heading\" data-id=\"63201d19\" data-element_type=\"widget\" data-e-type=\"widget\" data-widget_type=\"heading.default\">\n\t\t\t\t\t<h2 class=\"elementor-heading-title elementor-size-default\">Av\u00eds legal<\/h2>\t\t\t\t<\/div>\n\t\t\t\t<div class=\"elementor-element elementor-element-5f92c8c6 elementor-widget elementor-widget-text-editor\" data-id=\"5f92c8c6\" data-element_type=\"widget\" data-e-type=\"widget\" data-widget_type=\"text-editor.default\">\n\t\t\t\t\t\t\t\t\t<div class=\"row\"><div class=\"col-sm-12\"><p>En compliment de l'article 10 de la Llei 34\/2002, d'11 de juliol, de Serveis de la Societat de la Informaci\u00f3 i Comer\u00e7 Electr\u00f2nic (LSSICE) a continuaci\u00f3 es detallen les dades identificatives de l'empresa:<\/p><p><b>Nom: UATANE\u00a0<\/b><\/p><p><b>Ra\u00f3 social: UATANE Pharma SL<\/b><\/p><p><b>NIF:\u00a0<\/b><\/p><p><b>Adre\u00e7a\u00a0<\/b><\/p><p><b>Tel\u00e8fon: <\/b><a href=\"tel:+34648056707\"><span class=\"elementor-icon-list-text\">+34 648 056 707<\/span><\/a><\/p><p><b>Correu electr\u00f2nic: damoros@uatane.com<\/b><\/p><p><b>R<\/b><\/p><p><b>FINALITAT DE LA P\u00c0GINA WEB<\/b><\/p><p>La finalitat de la p\u00e0gina web \u00e9s donar a con\u00e8ixer i contactar amb l'empresa <b>UATANE Pharma SL.<\/b><\/p><p>El present av\u00eds legal (en endavant, l\u2019\u201dAv\u00eds Legal\u00bb) regula l\u2019\u00fas del lloc web: www.uatane.com<\/p><p><b>LEGISLACI\u00d3<\/b><\/p><p>Amb car\u00e0cter general, les relacions entre <b>UATANE Pharma SL<\/b> i els Usuaris dels seus serveis telem\u00e0tics, presents en aquesta p\u00e0gina web, es troben sotmesos a la legislaci\u00f3 i jurisdicci\u00f3 espanyoles.<\/p><p><b>\u00das i acc\u00e9s d'usuaris<\/b><\/p><p>L'Usuari queda informat, i accepta, que l'acc\u00e9s a la present web no suposa, de cap manera, l'inici d'una relaci\u00f3 comercial amb <b>UATANE Pharma SL<\/b> o qualsevol de les seves delegacions.<\/p><p><b>PROPIETAT INTEL\u00b7LECTUAL I INDUSTRIAL<\/b><\/p><p>Els drets de propietat intel\u00b7lectual del contingut de les p\u00e0gines web, el seu disseny gr\u00e0fic i codis s\u00f3n titularitat de <b>UATANE Pharma SL<\/b> i, per tant, queda prohibida la seva reproducci\u00f3, distribuci\u00f3, comunicaci\u00f3 p\u00fablica, transformaci\u00f3 o qualsevol altra activitat que es pugui realitzar amb els continguts de les seves p\u00e0gines web ni tan sols citant les fonts, excepte consentiment per escrit de <b>UATANE Pharma SL<\/b>.<\/p><p><b>CONTINGUT DEL WEB I ENLLA\u00c7OS<\/b><\/p><p><b>UATANE Pharma SL <\/b>es reserva el dret d'actualitzar, modificar o eliminar la informaci\u00f3 continguda a les seves p\u00e0gines web podent fins i tot limitar o no permetre l'acc\u00e9s a aquesta informaci\u00f3 a certs usuaris.<\/p><p><b>UATANE Pharma SL<\/b> no assumeix cap responsabilitat per la informaci\u00f3 continguda en p\u00e0gines web de tercers a les quals es pugui accedir per \u201clinks\u201d o enlla\u00e7os des de qualsevol p\u00e0gina web propietat de <b>UATANE Pharma SL.<\/b> La pres\u00e8ncia de \u201clinks\u201d o enlla\u00e7os a les p\u00e0gines web de <b>UATANE Pharma SL<\/b> t\u00e9 fins merament informatius i en cap cas suposa suggeriment, invitaci\u00f3 o recomanaci\u00f3 sobre aquests.<\/p><\/div><\/div>\t\t\t\t\t\t\t\t<\/div>\n\t\t\t\t\t<\/div>\n\t\t\t\t<\/div>\n\t\t\t\t<\/div>","protected":false},"excerpt":{"rendered":"<p>En cumplimiento del art\u00edculo 10 de la Ley 34\/2002, de 11 de julio, de Servicios de la Sociedad de la Informaci\u00f3n y Comercio Electr\u00f3nico (LSSICE) a continuaci\u00f3n se detallan los datos identificativos de la empresa: Nombre: UATANE\u00a0 Raz\u00f3n social: UATANE Pharma SL NIF:\u00a0 Direcci\u00f3n:\u00a0 Tel\u00e9fono: +34 648 056 707 Email: damoros@uatane.com R FINALIDAD DE LA [&hellip;]<\/p>\n","protected":false},"author":1,"featured_media":0,"parent":0,"menu_order":0,"comment_status":"closed","ping_status":"closed","template":"","meta":{"footnotes":""},"class_list":["post-14","page","type-page","status-publish","hentry"],"_links":{"self":[{"href":"https:\/\/uatane.com\/ca\/wp-json\/wp\/v2\/pages\/14","targetHints":{"allow":["GET"]}}],"collection":[{"href":"https:\/\/uatane.com\/ca\/wp-json\/wp\/v2\/pages"}],"about":[{"href":"https:\/\/uatane.com\/ca\/wp-json\/wp\/v2\/types\/page"}],"author":[{"embeddable":true,"href":"https:\/\/uatane.com\/ca\/wp-json\/wp\/v2\/users\/1"}],"replies":[{"embeddable":true,"href":"https:\/\/uatane.com\/ca\/wp-json\/wp\/v2\/comments?post=14"}],"version-history":[{"count":4,"href":"https:\/\/uatane.com\/ca\/wp-json\/wp\/v2\/pages\/14\/revisions"}],"predecessor-version":[{"id":501,"href":"https:\/\/uatane.com\/ca\/wp-json\/wp\/v2\/pages\/14\/revisions\/501"}],"wp:attachment":[{"href":"https:\/\/uatane.com\/ca\/wp-json\/wp\/v2\/media?parent=14"}],"curies":[{"name":"wp","href":"https:\/\/api.w.org\/{rel}","templated":true}]}}